{"id":1539,"date":"2025-05-22T10:16:35","date_gmt":"2025-05-22T08:16:35","guid":{"rendered":"https:\/\/www.villa-oleandra-roche.com\/pie-de-imprenta\/"},"modified":"2025-07-07T16:41:01","modified_gmt":"2025-07-07T14:41:01","slug":"pie-de-imprenta","status":"publish","type":"page","link":"https:\/\/www.villa-oleandra-roche.com\/es\/pie-de-imprenta\/","title":{"rendered":"Pie de imprenta"},"content":{"rendered":"\t\t<div data-elementor-type=\"wp-page\" data-elementor-id=\"1539\" class=\"elementor elementor-1539 elementor-1035\" data-elementor-post-type=\"page\">\n\t\t\t\t<div data-dce-background-color=\"#CACACA\" class=\"elementor-element elementor-element-50cc97a e-flex e-con-boxed e-con e-parent\" data-id=\"50cc97a\" data-element_type=\"container\" data-e-type=\"container\" data-settings=\"{&quot;background_background&quot;:&quot;classic&quot;}\">\n\t\t\t\t\t<div class=\"e-con-inner\">\n\t\t\t\t<div class=\"elementor-element elementor-element-0958992 elementor-widget elementor-widget-heading\" data-id=\"0958992\" data-element_type=\"widget\" data-e-type=\"widget\" data-widget_type=\"heading.default\">\n\t\t\t\t<div class=\"elementor-widget-container\">\n\t\t\t\t\t<h1 class=\"elementor-heading-title elementor-size-default\">Pie de imprenta<\/h1>\t\t\t\t<\/div>\n\t\t\t\t<\/div>\n\t\t\t\t<div class=\"elementor-element elementor-element-efc9ac4 elementor-widget elementor-widget-text-editor\" data-id=\"efc9ac4\" data-element_type=\"widget\" data-e-type=\"widget\" data-widget_type=\"text-editor.default\">\n\t\t\t\t<div class=\"elementor-widget-container\">\n\t\t\t\t\t\t\t\t\t<h4>Proveedor del Servicio<\/h4><p>Sch\u00fctz Inmobilaria y Desarollo de Proyectos SL<br>Calle Encina 1<br>11149 Conil de la Frontera<br>CIF: B16741365<\/p><p>N\u00famero de licencia: VUT\/CA\/21395<\/p><h4 id=\"e1223\">Contacto:<\/h4><p>Tel. DE: +49 (0) 2241 881882<br>Tel. ES: +34 667646616<br>E-Mail: <a href=\"mailto:info@villa-oleandra-roche.com\">info@villa-oleandra-roche.com<\/a>  <\/p><h4>Personas Autorizadas para Representaci\u00f3n<\/h4><p>Representados por los directores generales<br>Sabine Sch\u00fctz <br>Eric Sch\u00fctz<\/p><h4>Resoluci\u00f3n de Conflictos en L\u00ednea (RCL)<\/h4><p>Resoluci\u00f3n de conflictos en l\u00ednea: La Comisi\u00f3n Europea proporciona una plataforma para la resoluci\u00f3n de litigios en l\u00ednea (RCL), disponible en <a href=\"https:\/\/ec.europa.eu\/consumers\/odr\/\">https:\/\/ec.europa.eu\/consumers\/odr<\/a>\/. Los consumidores pueden utilizar esta plataforma para resolver sus disputas. <\/p><h4>Redes Sociales y Otras Presencias en L\u00ednea<\/h4><p>Este aviso legal tambi\u00e9n se aplica a las siguientes presencias en redes sociales y perfiles en l\u00ednea:<\/p><h4>Avisos sobre Responsabilidad y Derechos de Propiedad Intelectual<\/h4><p>Derechos de autor y marcas registradas: Todos los contenidos mostrados en este sitio web, como textos, fotograf\u00edas, gr\u00e1ficos, marcas y logotipos, est\u00e1n protegidos por los derechos correspondientes (derechos de autor, derechos de marcas). Su uso, reproducci\u00f3n, etc., est\u00e1 sujeto a nuestros derechos o a los derechos de los respectivos autores o titulares. <\/p>\t\t\t\t\t\t\t\t<\/div>\n\t\t\t\t<\/div>\n\t\t\t\t\t<\/div>\n\t\t\t\t<\/div>\n\t\t\t\t<\/div>\n\t\t","protected":false},"excerpt":{"rendered":"<p>Pie de imprenta Proveedor del Servicio Sch\u00fctz Inmobilaria y Desarollo de Proyectos SLCalle Encina 111149 Conil de la FronteraCIF: B16741365 N\u00famero de licencia: VUT\/CA\/21395 Contacto: Tel. DE: +49 (0) 2241 881882Tel. ES: +34 667646616E-Mail: info@villa-oleandra-roche.com Personas Autorizadas para Representaci\u00f3n Representados por los directores generalesSabine Sch\u00fctz Eric Sch\u00fctz Resoluci\u00f3n de Conflictos en L\u00ednea (RCL) Resoluci\u00f3n de [&hellip;]<\/p>\n","protected":false},"author":1,"featured_media":0,"parent":0,"menu_order":0,"comment_status":"closed","ping_status":"closed","template":"","meta":{"_acf_changed":false,"inline_featured_image":false,"footnotes":""},"class_list":["post-1539","page","type-page","status-publish","hentry"],"acf":[],"_links":{"self":[{"href":"https:\/\/www.villa-oleandra-roche.com\/es\/wp-json\/wp\/v2\/pages\/1539","targetHints":{"allow":["GET"]}}],"collection":[{"href":"https:\/\/www.villa-oleandra-roche.com\/es\/wp-json\/wp\/v2\/pages"}],"about":[{"href":"https:\/\/www.villa-oleandra-roche.com\/es\/wp-json\/wp\/v2\/types\/page"}],"author":[{"embeddable":true,"href":"https:\/\/www.villa-oleandra-roche.com\/es\/wp-json\/wp\/v2\/users\/1"}],"replies":[{"embeddable":true,"href":"https:\/\/www.villa-oleandra-roche.com\/es\/wp-json\/wp\/v2\/comments?post=1539"}],"version-history":[{"count":4,"href":"https:\/\/www.villa-oleandra-roche.com\/es\/wp-json\/wp\/v2\/pages\/1539\/revisions"}],"predecessor-version":[{"id":1774,"href":"https:\/\/www.villa-oleandra-roche.com\/es\/wp-json\/wp\/v2\/pages\/1539\/revisions\/1774"}],"wp:attachment":[{"href":"https:\/\/www.villa-oleandra-roche.com\/es\/wp-json\/wp\/v2\/media?parent=1539"}],"curies":[{"name":"wp","href":"https:\/\/api.w.org\/{rel}","templated":true}]}}