{"id":1794,"date":"2025-07-09T08:24:53","date_gmt":"2025-07-09T06:24:53","guid":{"rendered":"https:\/\/www.villa-oleandra-roche.com\/anulacion\/"},"modified":"2025-07-09T08:49:57","modified_gmt":"2025-07-09T06:49:57","slug":"anulacion","status":"publish","type":"page","link":"https:\/\/www.villa-oleandra-roche.com\/es\/anulacion\/","title":{"rendered":"Cancelaci\u00f3n"},"content":{"rendered":"\t\t<div data-elementor-type=\"wp-page\" data-elementor-id=\"1794\" class=\"elementor elementor-1794 elementor-1783\" data-elementor-post-type=\"page\">\n\t\t\t\t<div data-dce-background-color=\"#CACACA\" class=\"elementor-element elementor-element-4f18379 e-flex e-con-boxed e-con e-parent\" data-id=\"4f18379\" data-element_type=\"container\" data-e-type=\"container\" data-settings=\"{&quot;background_background&quot;:&quot;classic&quot;}\">\n\t\t\t\t\t<div class=\"e-con-inner\">\n\t\t\t\t<div class=\"elementor-element elementor-element-fd6ce0c elementor-widget elementor-widget-heading\" data-id=\"fd6ce0c\" data-element_type=\"widget\" data-e-type=\"widget\" data-widget_type=\"heading.default\">\n\t\t\t\t<div class=\"elementor-widget-container\">\n\t\t\t\t\t<h1 class=\"elementor-heading-title elementor-size-default\">Condiciones de anulaci\u00f3n<\/h1>\t\t\t\t<\/div>\n\t\t\t\t<\/div>\n\t\t\t\t<div class=\"elementor-element elementor-element-dddc528 elementor-widget elementor-widget-text-editor\" data-id=\"dddc528\" data-element_type=\"widget\" data-e-type=\"widget\" data-widget_type=\"text-editor.default\">\n\t\t\t\t<div class=\"elementor-widget-container\">\n\t\t\t\t\t\t\t\t\t<p>Si el inquilino rescinde o cancela el contrato antes del inicio del arrendamiento, este pagar\u00e1 al propietario<br>la siguiente cantidad como indemnizaci\u00f3n por la p\u00e9rdida de renta:<br>Si la cancelaci\u00f3n tiene lugar 6 meses o m\u00e1s antes del principio del arrendamiento el inquilino pagar\u00e1 al<br>arrendador 40% del alquiler total.<br>Si la cancelaci\u00f3n tiene lugar entre 3 a 6 meses antes del principio del arrendamiento el inquilino pagar\u00e1 al arrendador 60% del alquiler total.   <br>Si la cancelaci\u00f3n tiene lugar entre 30 a 90 d\u00edas antes del principio del arrendamiento el inquilino pagar\u00e1 al arrendador 80% del alquiler total. <br>Si la cancelaci\u00f3n tiene lugar entre 16 a 29 d\u00edas antes del principio del arrendamiento el inquilino pagar\u00e1 al arrendador 90% del alquiler total. <br>Si la cancelaci\u00f3n tiene lugar 15 d\u00edas o menos antes del principio del arrendamiento el inquilino pagar\u00e1 al<br>arrendador 100% del alquiler total.<br>&#8211; Si el inquilino aborta su estancia prematuramente est\u00e1 obligado a pagar el importe total del alquiler.<br>En el caso de que el inquilino no deje el apartamento a tiempo, el propietario tendr\u00e1 el derecho a cobrarle el triple del precio diario acordado por cada d\u00eda que haya empezado. La adhesi\u00f3n a este acuerdo es especialmente importante porque se trata de una casa vacacional y por lo tanto existen otras obligaciones o acuerdos de alquiler. <\/p>\t\t\t\t\t\t\t\t<\/div>\n\t\t\t\t<\/div>\n\t\t\t\t\t<\/div>\n\t\t\t\t<\/div>\n\t\t\t\t<\/div>\n\t\t","protected":false},"excerpt":{"rendered":"<p>Condiciones de anulaci\u00f3n Si el inquilino rescinde o cancela el contrato antes del inicio del arrendamiento, este pagar\u00e1 al propietariola siguiente cantidad como indemnizaci\u00f3n por la p\u00e9rdida de renta:Si la cancelaci\u00f3n tiene lugar 6 meses o m\u00e1s antes del principio del arrendamiento el inquilino pagar\u00e1 alarrendador 40% del alquiler total.Si la cancelaci\u00f3n tiene lugar entre [&hellip;]<\/p>\n","protected":false},"author":1,"featured_media":0,"parent":0,"menu_order":0,"comment_status":"closed","ping_status":"closed","template":"","meta":{"_acf_changed":false,"inline_featured_image":false,"footnotes":""},"class_list":["post-1794","page","type-page","status-publish","hentry"],"acf":[],"_links":{"self":[{"href":"https:\/\/www.villa-oleandra-roche.com\/es\/wp-json\/wp\/v2\/pages\/1794","targetHints":{"allow":["GET"]}}],"collection":[{"href":"https:\/\/www.villa-oleandra-roche.com\/es\/wp-json\/wp\/v2\/pages"}],"about":[{"href":"https:\/\/www.villa-oleandra-roche.com\/es\/wp-json\/wp\/v2\/types\/page"}],"author":[{"embeddable":true,"href":"https:\/\/www.villa-oleandra-roche.com\/es\/wp-json\/wp\/v2\/users\/1"}],"replies":[{"embeddable":true,"href":"https:\/\/www.villa-oleandra-roche.com\/es\/wp-json\/wp\/v2\/comments?post=1794"}],"version-history":[{"count":5,"href":"https:\/\/www.villa-oleandra-roche.com\/es\/wp-json\/wp\/v2\/pages\/1794\/revisions"}],"predecessor-version":[{"id":1812,"href":"https:\/\/www.villa-oleandra-roche.com\/es\/wp-json\/wp\/v2\/pages\/1794\/revisions\/1812"}],"wp:attachment":[{"href":"https:\/\/www.villa-oleandra-roche.com\/es\/wp-json\/wp\/v2\/media?parent=1794"}],"curies":[{"name":"wp","href":"https:\/\/api.w.org\/{rel}","templated":true}]}}